{"id":9,"date":"2025-05-19T21:16:52","date_gmt":"2025-05-19T19:16:52","guid":{"rendered":"http:\/\/bartendercocktailcontest.fr\/?page_id=9"},"modified":"2025-08-06T14:17:07","modified_gmt":"2025-08-06T12:17:07","slug":"accueil","status":"publish","type":"page","link":"https:\/\/bartendercocktailcontest.fr\/","title":{"rendered":"Accueil"},"content":{"rendered":"\t\t<div data-elementor-type=\"wp-page\" data-elementor-id=\"9\" class=\"elementor elementor-9\">\n\t\t\t\t<div class=\"elementor-element elementor-element-dd814af e-flex e-con-boxed e-con e-parent\" data-id=\"dd814af\" data-element_type=\"container\">\n\t\t\t\t\t<div class=\"e-con-inner\">\n\t\t\t\t<div class=\"elementor-element elementor-element-3448240 elementor-widget__width-inherit elementor-widget elementor-widget-image\" data-id=\"3448240\" data-element_type=\"widget\" data-widget_type=\"image.default\">\n\t\t\t\t<div class=\"elementor-widget-container\">\n\t\t\t\t\t\t\t\t\t\t\t\t\t\t\t<img fetchpriority=\"high\" decoding=\"async\" width=\"2048\" height=\"1230\" src=\"https:\/\/bartendercocktailcontest.fr\/wp-content\/uploads\/2025\/08\/BBC2025_Banderole-site2500x1500px-2048x1230.jpg\" class=\"attachment-2048x2048 size-2048x2048 wp-image-61\" alt=\"\" srcset=\"https:\/\/bartendercocktailcontest.fr\/wp-content\/uploads\/2025\/08\/BBC2025_Banderole-site2500x1500px-2048x1230.jpg 2048w, https:\/\/bartendercocktailcontest.fr\/wp-content\/uploads\/2025\/08\/BBC2025_Banderole-site2500x1500px-300x180.jpg 300w, https:\/\/bartendercocktailcontest.fr\/wp-content\/uploads\/2025\/08\/BBC2025_Banderole-site2500x1500px-1024x615.jpg 1024w, https:\/\/bartendercocktailcontest.fr\/wp-content\/uploads\/2025\/08\/BBC2025_Banderole-site2500x1500px-768x461.jpg 768w, https:\/\/bartendercocktailcontest.fr\/wp-content\/uploads\/2025\/08\/BBC2025_Banderole-site2500x1500px-1536x923.jpg 1536w\" sizes=\"(max-width: 2048px) 100vw, 2048px\" \/>\t\t\t\t\t\t\t\t\t\t\t\t\t\t\t<\/div>\n\t\t\t\t<\/div>\n\t\t\t\t\t<\/div>\n\t\t\t\t<\/div>\n\t\t<div class=\"elementor-element elementor-element-291610c e-flex e-con-boxed e-con e-parent\" data-id=\"291610c\" data-element_type=\"container\">\n\t\t\t\t\t<div class=\"e-con-inner\">\n\t\t\t\t<div class=\"elementor-element elementor-element-a1c3905 elementor-widget-divider--view-line elementor-widget elementor-widget-divider\" data-id=\"a1c3905\" data-element_type=\"widget\" data-widget_type=\"divider.default\">\n\t\t\t\t<div class=\"elementor-widget-container\">\n\t\t\t\t\t\t\t<div class=\"elementor-divider\">\n\t\t\t<span class=\"elementor-divider-separator\">\n\t\t\t\t\t\t<\/span>\n\t\t<\/div>\n\t\t\t\t\t\t<\/div>\n\t\t\t\t<\/div>\n\t\t\t\t\t<\/div>\n\t\t\t\t<\/div>\n\t\t<div class=\"elementor-element elementor-element-c7e04ac e-grid e-con-boxed e-con e-parent\" data-id=\"c7e04ac\" data-element_type=\"container\">\n\t\t\t\t\t<div class=\"e-con-inner\">\n\t\t\t\t<div class=\"elementor-element elementor-element-a1cedac elementor-widget elementor-widget-image\" data-id=\"a1cedac\" data-element_type=\"widget\" data-widget_type=\"image.default\">\n\t\t\t\t<div class=\"elementor-widget-container\">\n\t\t\t\t\t\t\t\t\t\t\t\t\t\t\t\t<a href=\"https:\/\/bartendercocktailcontest.fr\/index.php\/elementor-123\/\" target=\"_blank\">\n\t\t\t\t\t\t\t<img decoding=\"async\" width=\"1024\" height=\"1024\" src=\"https:\/\/bartendercocktailcontest.fr\/wp-content\/uploads\/2025\/08\/3-1024x1024.png\" class=\"attachment-large size-large wp-image-251\" alt=\"\" srcset=\"https:\/\/bartendercocktailcontest.fr\/wp-content\/uploads\/2025\/08\/3-1024x1024.png 1024w, https:\/\/bartendercocktailcontest.fr\/wp-content\/uploads\/2025\/08\/3-300x300.png 300w, https:\/\/bartendercocktailcontest.fr\/wp-content\/uploads\/2025\/08\/3-150x150.png 150w, https:\/\/bartendercocktailcontest.fr\/wp-content\/uploads\/2025\/08\/3-768x768.png 768w, https:\/\/bartendercocktailcontest.fr\/wp-content\/uploads\/2025\/08\/3.png 1080w\" sizes=\"(max-width: 1024px) 100vw, 1024px\" \/>\t\t\t\t\t\t\t\t<\/a>\n\t\t\t\t\t\t\t\t\t\t\t\t\t\t\t<\/div>\n\t\t\t\t<\/div>\n\t\t\t\t<div class=\"elementor-element elementor-element-220ebee elementor-widget elementor-widget-image\" data-id=\"220ebee\" data-element_type=\"widget\" data-widget_type=\"image.default\">\n\t\t\t\t<div class=\"elementor-widget-container\">\n\t\t\t\t\t\t\t\t\t\t\t\t\t\t\t\t<a href=\"https:\/\/bartendercocktailcontest.fr\/index.php\/inscriptions-2025\/\" target=\"_blank\">\n\t\t\t\t\t\t\t<img decoding=\"async\" width=\"1024\" height=\"1024\" src=\"https:\/\/bartendercocktailcontest.fr\/wp-content\/uploads\/2025\/08\/2-1024x1024.png\" class=\"attachment-large size-large wp-image-252\" alt=\"\" srcset=\"https:\/\/bartendercocktailcontest.fr\/wp-content\/uploads\/2025\/08\/2-1024x1024.png 1024w, https:\/\/bartendercocktailcontest.fr\/wp-content\/uploads\/2025\/08\/2-300x300.png 300w, https:\/\/bartendercocktailcontest.fr\/wp-content\/uploads\/2025\/08\/2-150x150.png 150w, https:\/\/bartendercocktailcontest.fr\/wp-content\/uploads\/2025\/08\/2-768x768.png 768w, https:\/\/bartendercocktailcontest.fr\/wp-content\/uploads\/2025\/08\/2.png 1080w\" sizes=\"(max-width: 1024px) 100vw, 1024px\" \/>\t\t\t\t\t\t\t\t<\/a>\n\t\t\t\t\t\t\t\t\t\t\t\t\t\t\t<\/div>\n\t\t\t\t<\/div>\n\t\t\t\t<div class=\"elementor-element elementor-element-cfe886b elementor-widget elementor-widget-image\" data-id=\"cfe886b\" data-element_type=\"widget\" data-widget_type=\"image.default\">\n\t\t\t\t<div class=\"elementor-widget-container\">\n\t\t\t\t\t\t\t\t\t\t\t\t\t\t\t\t<a href=\"https:\/\/bartendercocktailcontest.fr\/index.php\/editions-passees\/\" target=\"_blank\">\n\t\t\t\t\t\t\t<img loading=\"lazy\" decoding=\"async\" width=\"768\" height=\"768\" src=\"https:\/\/bartendercocktailcontest.fr\/wp-content\/uploads\/2025\/08\/4-768x768.png\" class=\"attachment-medium_large size-medium_large wp-image-253\" alt=\"\" srcset=\"https:\/\/bartendercocktailcontest.fr\/wp-content\/uploads\/2025\/08\/4-768x768.png 768w, https:\/\/bartendercocktailcontest.fr\/wp-content\/uploads\/2025\/08\/4-300x300.png 300w, https:\/\/bartendercocktailcontest.fr\/wp-content\/uploads\/2025\/08\/4-1024x1024.png 1024w, https:\/\/bartendercocktailcontest.fr\/wp-content\/uploads\/2025\/08\/4-150x150.png 150w, https:\/\/bartendercocktailcontest.fr\/wp-content\/uploads\/2025\/08\/4.png 1080w\" sizes=\"(max-width: 768px) 100vw, 768px\" \/>\t\t\t\t\t\t\t\t<\/a>\n\t\t\t\t\t\t\t\t\t\t\t\t\t\t\t<\/div>\n\t\t\t\t<\/div>\n\t\t\t\t\t<\/div>\n\t\t\t\t<\/div>\n\t\t<div class=\"elementor-element elementor-element-b581210 e-flex e-con-boxed e-con e-parent\" data-id=\"b581210\" data-element_type=\"container\">\n\t\t\t\t\t<div class=\"e-con-inner\">\n\t\t\t\t<div class=\"elementor-element elementor-element-9666942 elementor-widget elementor-widget-text-editor\" data-id=\"9666942\" data-element_type=\"widget\" data-widget_type=\"text-editor.default\">\n\t\t\t\t<div class=\"elementor-widget-container\">\n\t\t\t\t\t\t\t\t\t<h2>Le Bartender Cocktail Contest est la premi\u00e8re comp\u00e9tition cocktail 100% ind\u00e9pendante de toute marque et d\u00e9di\u00e9e aux professionnels dans le seul et unique but de mettre en avant les talents locaux et le savoir-faire des Bartenders du d\u00e9partement.<\/h2><p>\u00a0<\/p><h2>L\u2019id\u00e9e originale est n\u00e9e il y a 5 ans, \u00e0 force de faire des comp\u00e9titions avec toujours plus de restrictions li\u00e9es aux r\u00e8gles impos\u00e9es par les marques organisatrices, la volont\u00e9 s\u2019est faite ressentir de cr\u00e9er une comp\u00e9tition o\u00f9 les participants seraient libres du choix des produits utilis\u00e9s. O\u00f9 ils pourraient laisser libre court \u00e0 leur cr\u00e9ativit\u00e9 sans restriction marketing.<\/h2><h2>\u00a0<\/h2><h2>En 2024, l\u2019id\u00e9e de cette comp\u00e9tition locale a \u00e9t\u00e9 soumise \u00e0 U.M.I.H. 38 qui a tout de suite dit OUI pour l\u2019organisation de cette derni\u00e8re.<\/h2><p>\u00a0<\/p><h2>Apr\u00e8s le succ\u00e8s de la premi\u00e8re \u00e9dition, c\u2019est avec honneur que nous vous annon\u00e7ons la deuxi\u00e8me \u00e9dition du Bartender Cocktail Contest.<\/h2>\t\t\t\t\t\t\t\t<\/div>\n\t\t\t\t<\/div>\n\t\t\t\t\t<\/div>\n\t\t\t\t<\/div>\n\t\t<div class=\"elementor-element elementor-element-ce1b810 e-flex e-con-boxed e-con e-parent\" data-id=\"ce1b810\" data-element_type=\"container\">\n\t\t\t\t\t<div class=\"e-con-inner\">\n\t\t\t\t<div class=\"elementor-element elementor-element-f627b45 elementor-widget elementor-widget-spacer\" data-id=\"f627b45\" data-element_type=\"widget\" data-widget_type=\"spacer.default\">\n\t\t\t\t<div class=\"elementor-widget-container\">\n\t\t\t\t\t\t\t<div class=\"elementor-spacer\">\n\t\t\t<div class=\"elementor-spacer-inner\"><\/div>\n\t\t<\/div>\n\t\t\t\t\t\t<\/div>\n\t\t\t\t<\/div>\n\t\t\t\t\t<\/div>\n\t\t\t\t<\/div>\n\t\t<div class=\"elementor-element elementor-element-7cbba15 e-flex e-con-boxed e-con e-parent\" data-id=\"7cbba15\" data-element_type=\"container\">\n\t\t\t\t\t<div class=\"e-con-inner\">\n\t\t\t\t<div class=\"elementor-element elementor-element-40ca431 elementor-widget elementor-widget-text-editor\" data-id=\"40ca431\" data-element_type=\"widget\" data-widget_type=\"text-editor.default\">\n\t\t\t\t<div class=\"elementor-widget-container\">\n\t\t\t\t\t\t\t\t\t<h5><a href=\"http:\/\/bartendercocktailcontest.fr\/index.php\/reglement-bartender-cocktail-contest-iieme-edition-2025\/\">Je lis le r\u00e8glement du concours<\/a><\/h5>\t\t\t\t\t\t\t\t<\/div>\n\t\t\t\t<\/div>\n\t\t\t\t\t<\/div>\n\t\t\t\t<\/div>\n\t\t<div class=\"elementor-element elementor-element-e72e1c4 e-flex e-con-boxed e-con e-parent\" data-id=\"e72e1c4\" data-element_type=\"container\">\n\t\t\t\t\t<div class=\"e-con-inner\">\n\t\t\t\t<div class=\"elementor-element elementor-element-8934ed9 elementor-align-center elementor-widget elementor-widget-button\" data-id=\"8934ed9\" data-element_type=\"widget\" data-widget_type=\"button.default\">\n\t\t\t\t<div class=\"elementor-widget-container\">\n\t\t\t\t\t\t\t\t\t<div class=\"elementor-button-wrapper\">\n\t\t\t\t\t<a class=\"elementor-button elementor-button-link elementor-size-sm\" href=\"http:\/\/bartendercocktailcontest.fr\/index.php\/inscriptions-2025\/\" target=\"_blank\">\n\t\t\t\t\t\t<span class=\"elementor-button-content-wrapper\">\n\t\t\t\t\t\t\t\t\t<span class=\"elementor-button-text\">Je m'inscris!<\/span>\n\t\t\t\t\t<\/span>\n\t\t\t\t\t<\/a>\n\t\t\t\t<\/div>\n\t\t\t\t\t\t\t\t<\/div>\n\t\t\t\t<\/div>\n\t\t\t\t\t<\/div>\n\t\t\t\t<\/div>\n\t\t<div class=\"elementor-element elementor-element-589f9bd e-flex e-con-boxed e-con e-parent\" data-id=\"589f9bd\" data-element_type=\"container\">\n\t\t\t\t\t<div class=\"e-con-inner\">\n\t\t\t\t<div class=\"elementor-element elementor-element-50a6633 elementor-widget elementor-widget-spacer\" data-id=\"50a6633\" data-element_type=\"widget\" data-widget_type=\"spacer.default\">\n\t\t\t\t<div class=\"elementor-widget-container\">\n\t\t\t\t\t\t\t<div class=\"elementor-spacer\">\n\t\t\t<div class=\"elementor-spacer-inner\"><\/div>\n\t\t<\/div>\n\t\t\t\t\t\t<\/div>\n\t\t\t\t<\/div>\n\t\t\t\t<div class=\"elementor-element elementor-element-99b8e61 elementor-widget elementor-widget-heading\" data-id=\"99b8e61\" data-element_type=\"widget\" data-widget_type=\"heading.default\">\n\t\t\t\t<div class=\"elementor-widget-container\">\n\t\t\t\t\t<h2 class=\"elementor-heading-title elementor-size-default\">Partenaires<\/h2>\t\t\t\t<\/div>\n\t\t\t\t<\/div>\n\t\t\t\t\t<\/div>\n\t\t\t\t<\/div>\n\t\t<div class=\"elementor-element elementor-element-3fee9e9 e-grid e-con-boxed e-con e-parent\" data-id=\"3fee9e9\" data-element_type=\"container\">\n\t\t\t\t\t<div class=\"e-con-inner\">\n\t\t\t\t<div class=\"elementor-element elementor-element-212bec3 elementor-widget elementor-widget-image\" data-id=\"212bec3\" data-element_type=\"widget\" data-widget_type=\"image.default\">\n\t\t\t\t<div class=\"elementor-widget-container\">\n\t\t\t\t\t\t\t\t\t\t\t\t\t\t\t<img loading=\"lazy\" decoding=\"async\" width=\"1024\" height=\"358\" src=\"https:\/\/bartendercocktailcontest.fr\/wp-content\/uploads\/2025\/08\/Bandeau-PARTENAIRES-1024x358.png\" class=\"attachment-large size-large wp-image-97\" alt=\"\" srcset=\"https:\/\/bartendercocktailcontest.fr\/wp-content\/uploads\/2025\/08\/Bandeau-PARTENAIRES-1024x358.png 1024w, https:\/\/bartendercocktailcontest.fr\/wp-content\/uploads\/2025\/08\/Bandeau-PARTENAIRES-300x105.png 300w, https:\/\/bartendercocktailcontest.fr\/wp-content\/uploads\/2025\/08\/Bandeau-PARTENAIRES-768x269.png 768w, https:\/\/bartendercocktailcontest.fr\/wp-content\/uploads\/2025\/08\/Bandeau-PARTENAIRES-1536x537.png 1536w, https:\/\/bartendercocktailcontest.fr\/wp-content\/uploads\/2025\/08\/Bandeau-PARTENAIRES.png 1650w\" sizes=\"(max-width: 1024px) 100vw, 1024px\" \/>\t\t\t\t\t\t\t\t\t\t\t\t\t\t\t<\/div>\n\t\t\t\t<\/div>\n\t\t\t\t\t<\/div>\n\t\t\t\t<\/div>\n\t\t<div class=\"elementor-element elementor-element-fcc30f2 e-flex e-con-boxed e-con e-parent\" data-id=\"fcc30f2\" data-element_type=\"container\">\n\t\t\t\t\t<div class=\"e-con-inner\">\n\t\t\t\t<div class=\"elementor-element elementor-element-1ad9b4d elementor-widget elementor-widget-heading\" data-id=\"1ad9b4d\" data-element_type=\"widget\" data-widget_type=\"heading.default\">\n\t\t\t\t<div class=\"elementor-widget-container\">\n\t\t\t\t\t<h2 class=\"elementor-heading-title elementor-size-default\">Organisateurs<\/h2>\t\t\t\t<\/div>\n\t\t\t\t<\/div>\n\t\t\t\t\t<\/div>\n\t\t\t\t<\/div>\n\t\t<div class=\"elementor-element elementor-element-c3d560f e-grid e-con-boxed e-con e-parent\" data-id=\"c3d560f\" data-element_type=\"container\">\n\t\t\t\t\t<div class=\"e-con-inner\">\n\t\t\t\t<div class=\"elementor-element elementor-element-8108849 elementor-widget elementor-widget-image\" data-id=\"8108849\" data-element_type=\"widget\" data-widget_type=\"image.default\">\n\t\t\t\t<div class=\"elementor-widget-container\">\n\t\t\t\t\t\t\t\t\t\t\t\t\t\t\t<img loading=\"lazy\" decoding=\"async\" width=\"1024\" height=\"359\" src=\"https:\/\/bartendercocktailcontest.fr\/wp-content\/uploads\/2025\/08\/Bandeau-ORGA_rev2-1024x359.png\" class=\"attachment-large size-large wp-image-100\" alt=\"\" srcset=\"https:\/\/bartendercocktailcontest.fr\/wp-content\/uploads\/2025\/08\/Bandeau-ORGA_rev2-1024x359.png 1024w, https:\/\/bartendercocktailcontest.fr\/wp-content\/uploads\/2025\/08\/Bandeau-ORGA_rev2-300x105.png 300w, https:\/\/bartendercocktailcontest.fr\/wp-content\/uploads\/2025\/08\/Bandeau-ORGA_rev2-768x269.png 768w, https:\/\/bartendercocktailcontest.fr\/wp-content\/uploads\/2025\/08\/Bandeau-ORGA_rev2-1536x539.png 1536w, https:\/\/bartendercocktailcontest.fr\/wp-content\/uploads\/2025\/08\/Bandeau-ORGA_rev2.png 1650w\" sizes=\"(max-width: 1024px) 100vw, 1024px\" \/>\t\t\t\t\t\t\t\t\t\t\t\t\t\t\t<\/div>\n\t\t\t\t<\/div>\n\t\t\t\t\t<\/div>\n\t\t\t\t<\/div>\n\t\t<div class=\"elementor-element elementor-element-bd786b9 e-flex e-con-boxed e-con e-parent\" data-id=\"bd786b9\" data-element_type=\"container\">\n\t\t\t\t\t<div class=\"e-con-inner\">\n\t\t\t\t<div class=\"elementor-element elementor-element-05d525c elementor-widget elementor-widget-spacer\" data-id=\"05d525c\" data-element_type=\"widget\" data-widget_type=\"spacer.default\">\n\t\t\t\t<div class=\"elementor-widget-container\">\n\t\t\t\t\t\t\t<div class=\"elementor-spacer\">\n\t\t\t<div class=\"elementor-spacer-inner\"><\/div>\n\t\t<\/div>\n\t\t\t\t\t\t<\/div>\n\t\t\t\t<\/div>\n\t\t\t\t\t<\/div>\n\t\t\t\t<\/div>\n\t\t\t\t<\/div>\n\t\t","protected":false},"excerpt":{"rendered":"<p>Le Bartender Cocktail Contest est la premi\u00e8re comp\u00e9tition cocktail 100% ind\u00e9pendante de toute marque et d\u00e9di\u00e9e aux professionnels dans le [&hellip;]<\/p>\n","protected":false},"author":1,"featured_media":0,"parent":0,"menu_order":0,"comment_status":"closed","ping_status":"closed","template":"elementor_header_footer","meta":{"site-sidebar-layout":"no-sidebar","site-content-layout":"","ast-site-content-layout":"full-width-container","site-content-style":"default","site-sidebar-style":"default","ast-global-header-display":"","ast-banner-title-visibility":"","ast-main-header-display":"","ast-hfb-above-header-display":"","ast-hfb-below-header-display":"","ast-hfb-mobile-header-display":"","site-post-title":"disabled","ast-breadcrumbs-content":"","ast-featured-img":"disabled","footer-sml-layout":"","theme-transparent-header-meta":"","adv-header-id-meta":"","stick-header-meta":"","header-above-stick-meta":"","header-main-stick-meta":"","header-below-stick-meta":"","astra-migrate-meta-layouts":"default","ast-page-background-enabled":"default","ast-page-background-meta":{"desktop":{"background-color":"var(--ast-global-color-5)","background-image":"","background-repeat":"repeat","background-position":"center center","background-size":"auto","background-attachment":"scroll","background-type":"","background-media":"","overlay-type":"","overlay-color":"","overlay-opacity":"","overlay-gradient":""},"tablet":{"background-color":"","background-image":"","background-repeat":"repeat","background-position":"center center","background-size":"auto","background-attachment":"scroll","background-type":"","background-media":"","overlay-type":"","overlay-color":"","overlay-opacity":"","overlay-gradient":""},"mobile":{"background-color":"","background-image":"","background-repeat":"repeat","background-position":"center center","background-size":"auto","background-attachment":"scroll","background-type":"","background-media":"","overlay-type":"","overlay-color":"","overlay-opacity":"","overlay-gradient":""}},"ast-content-background-meta":{"desktop":{"background-color":"var(--ast-global-color-4)","background-image":"","background-repeat":"repeat","background-position":"center center","background-size":"auto","background-attachment":"scroll","background-type":"","background-media":"","overlay-type":"","overlay-color":"","overlay-opacity":"","overlay-gradient":""},"tablet":{"background-color":"var(--ast-global-color-4)","background-image":"","background-repeat":"repeat","background-position":"center center","background-size":"auto","background-attachment":"scroll","background-type":"","background-media":"","overlay-type":"","overlay-color":"","overlay-opacity":"","overlay-gradient":""},"mobile":{"background-color":"var(--ast-global-color-4)","background-image":"","background-repeat":"repeat","background-position":"center center","background-size":"auto","background-attachment":"scroll","background-type":"","background-media":"","overlay-type":"","overlay-color":"","overlay-opacity":"","overlay-gradient":""}},"footnotes":""},"class_list":["post-9","page","type-page","status-publish","hentry"],"_links":{"self":[{"href":"https:\/\/bartendercocktailcontest.fr\/index.php\/wp-json\/wp\/v2\/pages\/9","targetHints":{"allow":["GET"]}}],"collection":[{"href":"https:\/\/bartendercocktailcontest.fr\/index.php\/wp-json\/wp\/v2\/pages"}],"about":[{"href":"https:\/\/bartendercocktailcontest.fr\/index.php\/wp-json\/wp\/v2\/types\/page"}],"author":[{"embeddable":true,"href":"https:\/\/bartendercocktailcontest.fr\/index.php\/wp-json\/wp\/v2\/users\/1"}],"replies":[{"embeddable":true,"href":"https:\/\/bartendercocktailcontest.fr\/index.php\/wp-json\/wp\/v2\/comments?post=9"}],"version-history":[{"count":85,"href":"https:\/\/bartendercocktailcontest.fr\/index.php\/wp-json\/wp\/v2\/pages\/9\/revisions"}],"predecessor-version":[{"id":256,"href":"https:\/\/bartendercocktailcontest.fr\/index.php\/wp-json\/wp\/v2\/pages\/9\/revisions\/256"}],"wp:attachment":[{"href":"https:\/\/bartendercocktailcontest.fr\/index.php\/wp-json\/wp\/v2\/media?parent=9"}],"curies":[{"name":"wp","href":"https:\/\/api.w.org\/{rel}","templated":true}]}}